{"id":340,"date":"2024-08-05T11:55:21","date_gmt":"2024-08-05T09:55:21","guid":{"rendered":"https:\/\/magik-boutik.fr\/?page_id=340"},"modified":"2024-08-05T11:55:21","modified_gmt":"2024-08-05T09:55:21","slug":"conditions-de-retour-et-de-remboursement","status":"publish","type":"page","link":"https:\/\/magik-boutik.fr\/index.php\/conditions-de-retour-et-de-remboursement\/","title":{"rendered":"Conditions de Retour et de Remboursement"},"content":{"rendered":"\n<h3 class=\"wp-block-heading\">Conditions de Retour et de Remboursement<\/h3>\n\n\n\n<p>Bienvenue sur Magik-Boutik.fr. Nous nous effor\u00e7ons de vous fournir des produits de haute qualit\u00e9 et un excellent service client. Si vous n&rsquo;\u00eates pas enti\u00e8rement satisfait de votre achat, veuillez lire nos conditions de retour et de remboursement ci-dessous.<\/p>\n\n\n\n<h4 class=\"wp-block-heading\">Produits Personnalis\u00e9s<\/h4>\n\n\n\n<p>Les produits personnalis\u00e9s ne peuvent pas \u00eatre rembours\u00e9s. En raison de la nature unique de ces articles, nous ne pouvons accepter les retours ou \u00e9changes pour les produits personnalis\u00e9s.<\/p>\n\n\n\n<h4 class=\"wp-block-heading\">Autres Produits<\/h4>\n\n\n\n<p>Pour les autres produits, vous avez la possibilit\u00e9 de demander un remboursement sous les conditions suivantes :<\/p>\n\n\n\n<ul class=\"wp-block-list\">\n<li>Les produits doivent \u00eatre retourn\u00e9s dans les 10 jours suivant la date de r\u00e9ception.<\/li>\n\n\n\n<li>Les produits doivent \u00eatre dans leur \u00e9tat d&rsquo;origine, non utilis\u00e9s et dans leur emballage d&rsquo;origine.<\/li>\n<\/ul>\n\n\n\n<h4 class=\"wp-block-heading\">Frais de Retour<\/h4>\n\n\n\n<p>Les frais de retour sont \u00e0 la charge du client. Nous vous recommandons d&rsquo;utiliser un service de livraison avec suivi pour assurer la r\u00e9ception correcte de votre retour.<\/p>\n\n\n\n<h4 class=\"wp-block-heading\">Proc\u00e9dure de Retour<\/h4>\n\n\n\n<ol class=\"wp-block-list\">\n<li><strong>Contactez-nous<\/strong> : Avant de retourner un produit, veuillez nous contacter \u00e0 l&rsquo;adresse email suivante : <a>contact@magik-boutik.fr<\/a> pour obtenir un num\u00e9ro de retour et les instructions d\u00e9taill\u00e9es.<\/li>\n\n\n\n<li><strong>Emballez le Produit<\/strong> : Emballez le produit en toute s\u00e9curit\u00e9 dans son emballage d&rsquo;origine.<\/li>\n\n\n\n<li><strong>Exp\u00e9dition<\/strong> : Envoyez le produit \u00e0 l&rsquo;adresse fournie lors de votre contact avec notre service client. Assurez-vous d&rsquo;inclure le num\u00e9ro de retour \u00e0 l&rsquo;int\u00e9rieur du colis.<\/li>\n<\/ol>\n\n\n\n<h4 class=\"wp-block-heading\">Remboursement<\/h4>\n\n\n\n<p>Une fois votre retour re\u00e7u et inspect\u00e9, nous vous enverrons un email pour vous notifier de la r\u00e9ception de votre article retourn\u00e9. Nous vous informerons \u00e9galement de l&rsquo;approbation ou du rejet de votre remboursement. Si votre remboursement est approuv\u00e9, un cr\u00e9dit sera automatiquement appliqu\u00e9 \u00e0 votre carte de cr\u00e9dit ou \u00e0 votre mode de paiement original, dans un d\u00e9lai de quelques jours.<\/p>\n\n\n\n<h4 class=\"wp-block-heading\">Articles Endommag\u00e9s ou D\u00e9fectueux<\/h4>\n\n\n\n<p>Si vous avez re\u00e7u un article endommag\u00e9 ou d\u00e9fectueux, veuillez nous contacter imm\u00e9diatement \u00e0 l&rsquo;adresse email suivante : <a>contact@magik-boutik.fr<\/a> en incluant des photos de l&rsquo;article endommag\u00e9 ou d\u00e9fectueux, et nous vous indiquerons la marche \u00e0 suivre.<\/p>\n\n\n\n<p>Nous vous remercions de votre compr\u00e9hension et esp\u00e9rons que vous appr\u00e9cierez vos achats chez Magik-Boutik.fr.<\/p>\n\n\n\n<h4 class=\"wp-block-heading\">Contact<\/h4>\n\n\n\n<p>Pour toute question relative \u00e0 nos conditions de retour et de remboursement, n&rsquo;h\u00e9sitez pas \u00e0 nous contacter \u00e0 l&rsquo;adresse suivante : <a>contact@magik-boutik.fr<\/a>.<\/p>\n\n\n\n<p>Merci de faire vos achats chez Magik-Boutik.fr !<\/p>\n","protected":false},"excerpt":{"rendered":"<p>Conditions de Retour et de Remboursement Bienvenue sur Magik-Boutik.fr. Nous nous effor\u00e7ons de vous fournir des produits de haute qualit\u00e9 et un excellent service client. Si vous n&rsquo;\u00eates pas enti\u00e8rement satisfait de votre achat, veuillez lire nos conditions de retour et de remboursement ci-dessous. Produits Personnalis\u00e9s Les produits personnalis\u00e9s ne peuvent pas \u00eatre rembours\u00e9s. En [&hellip;]<\/p>\n","protected":false},"author":1,"featured_media":0,"parent":0,"menu_order":0,"comment_status":"closed","ping_status":"closed","template":"","meta":{"footnotes":""},"class_list":["post-340","page","type-page","status-publish","hentry","entry","owp-thumbs-layout-horizontal","owp-btn-normal","owp-tabs-layout-horizontal","has-no-thumbnails","has-product-nav"],"_links":{"self":[{"href":"https:\/\/magik-boutik.fr\/index.php\/wp-json\/wp\/v2\/pages\/340","targetHints":{"allow":["GET"]}}],"collection":[{"href":"https:\/\/magik-boutik.fr\/index.php\/wp-json\/wp\/v2\/pages"}],"about":[{"href":"https:\/\/magik-boutik.fr\/index.php\/wp-json\/wp\/v2\/types\/page"}],"author":[{"embeddable":true,"href":"https:\/\/magik-boutik.fr\/index.php\/wp-json\/wp\/v2\/users\/1"}],"replies":[{"embeddable":true,"href":"https:\/\/magik-boutik.fr\/index.php\/wp-json\/wp\/v2\/comments?post=340"}],"version-history":[{"count":1,"href":"https:\/\/magik-boutik.fr\/index.php\/wp-json\/wp\/v2\/pages\/340\/revisions"}],"predecessor-version":[{"id":341,"href":"https:\/\/magik-boutik.fr\/index.php\/wp-json\/wp\/v2\/pages\/340\/revisions\/341"}],"wp:attachment":[{"href":"https:\/\/magik-boutik.fr\/index.php\/wp-json\/wp\/v2\/media?parent=340"}],"curies":[{"name":"wp","href":"https:\/\/api.w.org\/{rel}","templated":true}]}}