{"id":238,"date":"2024-06-03T21:20:22","date_gmt":"2024-06-03T19:20:22","guid":{"rendered":"https:\/\/magik-boutik.fr\/?post_type=product&#038;p=238"},"modified":"2024-12-06T21:28:18","modified_gmt":"2024-12-06T20:28:18","slug":"puzzle-magnetique-coeur-photo-personnalise-76-pieces-19x18cm","status":"publish","type":"product","link":"https:\/\/magik-boutik.fr\/index.php\/product\/puzzle-magnetique-coeur-photo-personnalise-76-pieces-19x18cm\/","title":{"rendered":"Puzzle magn\u00e9tique coeur photo personnalis\u00e9 76 pi\u00e8ces 19x18cm"},"content":{"rendered":"<h3><\/h3>\n<p><strong>D\u00e9couvrez le Puzzle Personnalis\u00e9 \u2013 Cr\u00e9ez Votre Propre \u0152uvre d&rsquo;Art !<\/strong><\/p>\n<p>Transformez vos souvenirs pr\u00e9f\u00e9r\u00e9s en une exp\u00e9rience ludique avec notre puzzle personnalis\u00e9. Que ce soit une photo de vacances inoubliable, un moment familial pr\u00e9cieux, ou un portrait de votre animal de compagnie, chaque pi\u00e8ce de ce puzzle vous rapproche d&rsquo;un souvenir cher.<\/p>\n<p><strong>Caract\u00e9ristiques du Produit :<\/strong><\/p>\n<ul>\n<li><strong>Personnalisation Facile :<\/strong> T\u00e9l\u00e9chargez votre photo pr\u00e9f\u00e9r\u00e9e et nous transformons votre image en un puzzle de qualit\u00e9.<\/li>\n<li><strong>Qualit\u00e9 Sup\u00e9rieure :<\/strong> Fabriqu\u00e9 avec des mat\u00e9riaux durables et une technique d&rsquo;impression de pointe, chaque pi\u00e8ce du puzzle s&#8217;embo\u00eete parfaitement.<\/li>\n<li><strong>Diverses Options de Taille :<\/strong> Choisissez parmi plusieurs options de taille pour trouver le niveau de difficult\u00e9 et de d\u00e9tail qui vous convient le mieux.<\/li>\n<li><strong>Cadeau Id\u00e9al :<\/strong> Offrez un cadeau unique et personnel pour des occasions comme les anniversaires, les mariages, ou comme un souvenir de vacances.<\/li>\n<\/ul>\n<p><strong>Pourquoi Choisir Notre Puzzle Personnalis\u00e9 ?<\/strong> Notre puzzle personnalis\u00e9 n&rsquo;est pas seulement un jeu. C&rsquo;est une fa\u00e7on de revivre vos moments pr\u00e9f\u00e9r\u00e9s, une pi\u00e8ce \u00e0 la fois. C&rsquo;est aussi un excellent moyen de d\u00e9tendre l&rsquo;esprit et de partager du plaisir avec vos proches.<\/p>\n<p><strong>Commandez le V\u00f4tre Aujourd&rsquo;hui !<\/strong> Cr\u00e9ez un puzzle unique en son genre avec juste quelques clics et commencez \u00e0 assembler vos souvenirs !<\/p>\n","protected":false},"excerpt":{"rendered":"<p>D\u00e9couvrez le Puzzle Personnalis\u00e9 \u2013 Cr\u00e9ez Votre Propre \u0152uvre d&rsquo;Art ! Transformez vos souvenirs pr\u00e9f\u00e9r\u00e9s en une exp\u00e9rience ludique avec notre puzzle personnalis\u00e9. Que ce soit une photo de vacances inoubliable, un moment familial pr\u00e9cieux, ou un portrait de votre animal de compagnie, chaque pi\u00e8ce de ce puzzle vous rapproche d&rsquo;un souvenir cher. Caract\u00e9ristiques du [&hellip;]<\/p>\n","protected":false},"featured_media":230,"comment_status":"open","ping_status":"closed","template":"","meta":[],"product_brand":[],"product_cat":[20],"product_tag":[],"class_list":{"0":"post-238","1":"product","2":"type-product","3":"status-publish","4":"has-post-thumbnail","6":"product_cat-puzzle-personnalise","8":"entry","9":"has-media","11":"first","12":"instock","13":"shipping-taxable","14":"purchasable","15":"product-type-simple","16":"has-product-nav","17":"col","18":"span_1_of_3","19":"owp-content-center","20":"owp-thumbs-layout-horizontal","21":"owp-btn-normal","22":"owp-tabs-layout-horizontal","23":"has-no-thumbnails"},"_links":{"self":[{"href":"https:\/\/magik-boutik.fr\/index.php\/wp-json\/wp\/v2\/product\/238","targetHints":{"allow":["GET"]}}],"collection":[{"href":"https:\/\/magik-boutik.fr\/index.php\/wp-json\/wp\/v2\/product"}],"about":[{"href":"https:\/\/magik-boutik.fr\/index.php\/wp-json\/wp\/v2\/types\/product"}],"replies":[{"embeddable":true,"href":"https:\/\/magik-boutik.fr\/index.php\/wp-json\/wp\/v2\/comments?post=238"}],"wp:featuredmedia":[{"embeddable":true,"href":"https:\/\/magik-boutik.fr\/index.php\/wp-json\/wp\/v2\/media\/230"}],"wp:attachment":[{"href":"https:\/\/magik-boutik.fr\/index.php\/wp-json\/wp\/v2\/media?parent=238"}],"wp:term":[{"taxonomy":"product_brand","embeddable":true,"href":"https:\/\/magik-boutik.fr\/index.php\/wp-json\/wp\/v2\/product_brand?post=238"},{"taxonomy":"product_cat","embeddable":true,"href":"https:\/\/magik-boutik.fr\/index.php\/wp-json\/wp\/v2\/product_cat?post=238"},{"taxonomy":"product_tag","embeddable":true,"href":"https:\/\/magik-boutik.fr\/index.php\/wp-json\/wp\/v2\/product_tag?post=238"}],"curies":[{"name":"wp","href":"https:\/\/api.w.org\/{rel}","templated":true}]}}