{"id":47,"date":"2024-05-11T22:24:57","date_gmt":"2024-05-11T20:24:57","guid":{"rendered":"https:\/\/magik-boutik.fr\/?post_type=product&#038;p=47"},"modified":"2024-09-15T18:45:45","modified_gmt":"2024-09-15T16:45:45","slug":"doudou-dauphin","status":"publish","type":"product","link":"https:\/\/magik-boutik.fr\/index.php\/product\/doudou-dauphin\/","title":{"rendered":"Doudou dauphin"},"content":{"rendered":"<h2>Doudou Peluche Dauphin Fait au Crochet<\/h2>\n<p>Nous sommes ravis de vous pr\u00e9senter notre adorable doudou peluche dauphin fait au crochet. Ce jouet en peluche est con\u00e7u avec soin et attention pour offrir \u00e0 votre enfant un compagnon doux et r\u00e9confortant.<\/p>\n<p>Le doudou peluche dauphin est r\u00e9alis\u00e9 \u00e0 la main en utilisant la technique du crochet, ce qui lui conf\u00e8re une texture unique et agr\u00e9able au toucher. Chaque d\u00e9tail est minutieusement travaill\u00e9, des yeux aux nageoires d\u00e9licatement crochet\u00e9es.<\/p>\n<p>Ce doudou peluche dauphin est non seulement adorable, mais il est \u00e9galement s\u00fbr pour les tout-petits. Fabriqu\u00e9 \u00e0 partir de mat\u00e9riaux de haute qualit\u00e9, il est doux pour la peau d\u00e9licate de votre enfant et ne pr\u00e9sente aucun danger pour sa sant\u00e9.<\/p>\n<p>La taille parfaite de ce doudou peluche dauphin le rend id\u00e9al pour \u00eatre emport\u00e9 partout. Votre enfant pourra le c\u00e2liner, le serrer dans ses bras et se sentir en s\u00e9curit\u00e9 \u00e0 tout moment de la journ\u00e9e.<\/p>\n<p>Offrez \u00e0 votre enfant le meilleur compagnon de jeu avec notre doudou peluche dauphin fait au crochet. Il apportera chaleur, confort et amour \u00e0 votre petit bout de chou.<\/p>\n","protected":false},"excerpt":{"rendered":"<p>Doudou Peluche Dauphin Fait au Crochet Nous sommes ravis de vous pr\u00e9senter notre adorable doudou peluche dauphin fait au crochet. Ce jouet en peluche est con\u00e7u avec soin et attention pour offrir \u00e0 votre enfant un compagnon doux et r\u00e9confortant. Le doudou peluche dauphin est r\u00e9alis\u00e9 \u00e0 la main en utilisant la technique du crochet, [&hellip;]<\/p>\n","protected":false},"featured_media":48,"comment_status":"open","ping_status":"closed","template":"","meta":[],"product_brand":[],"product_cat":[18],"product_tag":[],"class_list":{"0":"post-47","1":"product","2":"type-product","3":"status-publish","4":"has-post-thumbnail","6":"product_cat-crochet","8":"entry","9":"has-media","11":"first","12":"instock","13":"sale","14":"shipping-taxable","15":"purchasable","16":"product-type-simple","17":"has-product-nav","18":"col","19":"span_1_of_3","20":"owp-content-center","21":"owp-thumbs-layout-horizontal","22":"owp-btn-normal","23":"owp-tabs-layout-horizontal"},"_links":{"self":[{"href":"https:\/\/magik-boutik.fr\/index.php\/wp-json\/wp\/v2\/product\/47","targetHints":{"allow":["GET"]}}],"collection":[{"href":"https:\/\/magik-boutik.fr\/index.php\/wp-json\/wp\/v2\/product"}],"about":[{"href":"https:\/\/magik-boutik.fr\/index.php\/wp-json\/wp\/v2\/types\/product"}],"replies":[{"embeddable":true,"href":"https:\/\/magik-boutik.fr\/index.php\/wp-json\/wp\/v2\/comments?post=47"}],"wp:featuredmedia":[{"embeddable":true,"href":"https:\/\/magik-boutik.fr\/index.php\/wp-json\/wp\/v2\/media\/48"}],"wp:attachment":[{"href":"https:\/\/magik-boutik.fr\/index.php\/wp-json\/wp\/v2\/media?parent=47"}],"wp:term":[{"taxonomy":"product_brand","embeddable":true,"href":"https:\/\/magik-boutik.fr\/index.php\/wp-json\/wp\/v2\/product_brand?post=47"},{"taxonomy":"product_cat","embeddable":true,"href":"https:\/\/magik-boutik.fr\/index.php\/wp-json\/wp\/v2\/product_cat?post=47"},{"taxonomy":"product_tag","embeddable":true,"href":"https:\/\/magik-boutik.fr\/index.php\/wp-json\/wp\/v2\/product_tag?post=47"}],"curies":[{"name":"wp","href":"https:\/\/api.w.org\/{rel}","templated":true}]}}