{"id":51,"date":"2024-05-11T22:30:26","date_gmt":"2024-05-11T20:30:26","guid":{"rendered":"https:\/\/magik-boutik.fr\/?post_type=product&#038;p=51"},"modified":"2024-05-11T22:30:27","modified_gmt":"2024-05-11T20:30:27","slug":"doudou-renard","status":"publish","type":"product","link":"https:\/\/magik-boutik.fr\/index.php\/product\/doudou-renard\/","title":{"rendered":"Doudou renard"},"content":{"rendered":"<h2>Peluche Doudou Petit Renard avec Sacoche<\/h2>\n<p>Si vous \u00eates un grand fan des renards, ou si vous voulez offrir un cadeau sp\u00e9cial \u00e0 un petit fan de renard, cette peluche doudou est parfaite pour vous. Fabriqu\u00e9e au crochet, cette adorable peluche repr\u00e9sente un petit renard avec sa sacoche.<\/p>\n<h2>Un compagnon doux et r\u00e9confortant<\/h2>\n<p>Cette peluche doudou est faite avec des mat\u00e9riaux de haute qualit\u00e9 pour garantir sa douceur et sa durabilit\u00e9. Elle est parfaite pour les c\u00e2lins et les moments de r\u00e9confort. Les enfants adoreront serrer cette peluche contre eux et se sentir en s\u00e9curit\u00e9.<\/p>\n<p>La sacoche attach\u00e9e au renard ajoute une touche de fantaisie \u00e0 cette peluche.<\/p>\n<h2>Un cadeau id\u00e9al pour les fans de renard<\/h2>\n<p>Cette peluche doudou est le cadeau id\u00e9al pour les petits et les grands fans de renard. Que ce soit pour un anniversaire, No\u00ebl ou toute autre occasion sp\u00e9ciale, cette peluche fera certainement plaisir \u00e0 son destinataire.<\/p>\n<p>Offrez cette peluche doudou \u00e0 un enfant pour lui apporter du r\u00e9confort et de la joie, ou gardez-la pour vous-m\u00eame en tant que d\u00e9coration mignonne et tendance. Quoi qu&rsquo;il en soit, cette peluche doudou petit renard avec sa sacoche sera un ajout adorable \u00e0 votre collection.<\/p>\n","protected":false},"excerpt":{"rendered":"<p>Peluche Doudou Petit Renard avec Sacoche Si vous \u00eates un grand fan des renards, ou si vous voulez offrir un cadeau sp\u00e9cial \u00e0 un petit fan de renard, cette peluche doudou est parfaite pour vous. Fabriqu\u00e9e au crochet, cette adorable peluche repr\u00e9sente un petit renard avec sa sacoche. Un compagnon doux et r\u00e9confortant Cette peluche [&hellip;]<\/p>\n","protected":false},"featured_media":52,"comment_status":"open","ping_status":"closed","template":"","meta":[],"product_brand":[],"product_cat":[18],"product_tag":[],"class_list":{"0":"post-51","1":"product","2":"type-product","3":"status-publish","4":"has-post-thumbnail","6":"product_cat-crochet","8":"entry","9":"has-media","11":"first","12":"instock","13":"shipping-taxable","14":"purchasable","15":"product-type-simple","16":"has-product-nav","17":"col","18":"span_1_of_3","19":"owp-content-center","20":"owp-thumbs-layout-horizontal","21":"owp-btn-normal","22":"owp-tabs-layout-horizontal"},"_links":{"self":[{"href":"https:\/\/magik-boutik.fr\/index.php\/wp-json\/wp\/v2\/product\/51","targetHints":{"allow":["GET"]}}],"collection":[{"href":"https:\/\/magik-boutik.fr\/index.php\/wp-json\/wp\/v2\/product"}],"about":[{"href":"https:\/\/magik-boutik.fr\/index.php\/wp-json\/wp\/v2\/types\/product"}],"replies":[{"embeddable":true,"href":"https:\/\/magik-boutik.fr\/index.php\/wp-json\/wp\/v2\/comments?post=51"}],"wp:featuredmedia":[{"embeddable":true,"href":"https:\/\/magik-boutik.fr\/index.php\/wp-json\/wp\/v2\/media\/52"}],"wp:attachment":[{"href":"https:\/\/magik-boutik.fr\/index.php\/wp-json\/wp\/v2\/media?parent=51"}],"wp:term":[{"taxonomy":"product_brand","embeddable":true,"href":"https:\/\/magik-boutik.fr\/index.php\/wp-json\/wp\/v2\/product_brand?post=51"},{"taxonomy":"product_cat","embeddable":true,"href":"https:\/\/magik-boutik.fr\/index.php\/wp-json\/wp\/v2\/product_cat?post=51"},{"taxonomy":"product_tag","embeddable":true,"href":"https:\/\/magik-boutik.fr\/index.php\/wp-json\/wp\/v2\/product_tag?post=51"}],"curies":[{"name":"wp","href":"https:\/\/api.w.org\/{rel}","templated":true}]}}