{"id":55,"date":"2024-05-11T22:35:28","date_gmt":"2024-05-11T20:35:28","guid":{"rendered":"https:\/\/magik-boutik.fr\/?post_type=product&#038;p=55"},"modified":"2024-09-13T18:53:35","modified_gmt":"2024-09-13T16:53:35","slug":"doudou-cheval","status":"publish","type":"product","link":"https:\/\/magik-boutik.fr\/index.php\/product\/doudou-cheval\/","title":{"rendered":"Doudou cheval"},"content":{"rendered":"<h2>Doudou peluche cheval au crochet<\/h2>\n<p>Le doudou peluche cheval au crochet est l&rsquo;accessoire id\u00e9al pour les amateurs de chevaux. Fabriqu\u00e9 \u00e0 la main avec soin, cette peluche est \u00e0 la fois douce et s\u00e9curitaire pour les enfants.<\/p>\n<p>Avec sa forme de cheval, ce doudou peluche sera le compagnon parfait pour votre enfant. Il pourra s&rsquo;amuser et laisser libre cours \u00e0 son imagination en inventant des histoires et des aventures avec son nouveau meilleur ami.<\/p>\n<p>Le crochet utilis\u00e9 pour cr\u00e9er cette peluche lui conf\u00e8re une texture unique et agr\u00e9able au toucher. Les d\u00e9tails minutieux tels que la crini\u00e8re et la queue du cheval ajoutent une touche de r\u00e9alisme \u00e0 cette peluche.<\/p>\n<p>Ce doudou peluche cheval est \u00e9galement un cadeau id\u00e9al pour les amateurs de chevaux de tous \u00e2ges. Que ce soit pour un anniversaire, une f\u00eate ou simplement pour faire plaisir, cette peluche fera le bonheur de tous les passionn\u00e9s de chevaux.<\/p>\n<p>Offrez \u00e0 votre enfant ou \u00e0 vos proches le plaisir d&rsquo;avoir leur propre doudou peluche cheval au crochet. Commandez d\u00e8s maintenant et laissez-vous s\u00e9duire par la qualit\u00e9 et le charme de cette peluche unique en son genre.<\/p>\n","protected":false},"excerpt":{"rendered":"<p>Doudou peluche cheval au crochet Le doudou peluche cheval au crochet est l&rsquo;accessoire id\u00e9al pour les amateurs de chevaux. Fabriqu\u00e9 \u00e0 la main avec soin, cette peluche est \u00e0 la fois douce et s\u00e9curitaire pour les enfants. Avec sa forme de cheval, ce doudou peluche sera le compagnon parfait pour votre enfant. Il pourra s&rsquo;amuser [&hellip;]<\/p>\n","protected":false},"featured_media":58,"comment_status":"open","ping_status":"closed","template":"","meta":[],"product_brand":[],"product_cat":[18],"product_tag":[],"class_list":{"0":"post-55","1":"product","2":"type-product","3":"status-publish","4":"has-post-thumbnail","6":"product_cat-crochet","8":"entry","9":"has-media","11":"first","12":"instock","13":"sale","14":"shipping-taxable","15":"purchasable","16":"product-type-simple","17":"has-product-nav","18":"col","19":"span_1_of_3","20":"owp-content-center","21":"owp-thumbs-layout-horizontal","22":"owp-btn-normal","23":"owp-tabs-layout-horizontal"},"_links":{"self":[{"href":"https:\/\/magik-boutik.fr\/index.php\/wp-json\/wp\/v2\/product\/55","targetHints":{"allow":["GET"]}}],"collection":[{"href":"https:\/\/magik-boutik.fr\/index.php\/wp-json\/wp\/v2\/product"}],"about":[{"href":"https:\/\/magik-boutik.fr\/index.php\/wp-json\/wp\/v2\/types\/product"}],"replies":[{"embeddable":true,"href":"https:\/\/magik-boutik.fr\/index.php\/wp-json\/wp\/v2\/comments?post=55"}],"wp:featuredmedia":[{"embeddable":true,"href":"https:\/\/magik-boutik.fr\/index.php\/wp-json\/wp\/v2\/media\/58"}],"wp:attachment":[{"href":"https:\/\/magik-boutik.fr\/index.php\/wp-json\/wp\/v2\/media?parent=55"}],"wp:term":[{"taxonomy":"product_brand","embeddable":true,"href":"https:\/\/magik-boutik.fr\/index.php\/wp-json\/wp\/v2\/product_brand?post=55"},{"taxonomy":"product_cat","embeddable":true,"href":"https:\/\/magik-boutik.fr\/index.php\/wp-json\/wp\/v2\/product_cat?post=55"},{"taxonomy":"product_tag","embeddable":true,"href":"https:\/\/magik-boutik.fr\/index.php\/wp-json\/wp\/v2\/product_tag?post=55"}],"curies":[{"name":"wp","href":"https:\/\/api.w.org\/{rel}","templated":true}]}}