{"id":563,"date":"2024-09-17T21:46:02","date_gmt":"2024-09-17T19:46:02","guid":{"rendered":"https:\/\/magik-boutik.fr\/?post_type=product&#038;p=563"},"modified":"2024-09-17T21:46:02","modified_gmt":"2024-09-17T19:46:02","slug":"peluche-girafe-au-crochet","status":"publish","type":"product","link":"https:\/\/magik-boutik.fr\/index.php\/product\/peluche-girafe-au-crochet\/","title":{"rendered":"Peluche girafe au crochet"},"content":{"rendered":"<p><strong>Adoptez une Adorable Peluche Girafe au Crochet &#8211; Fait Main avec Amour !<\/strong><\/p>\n<p>D\u00e9couvrez notre magnifique peluche girafe au crochet, un v\u00e9ritable chef-d&rsquo;\u0153uvre artisanal qui apportera douceur et charme \u00e0 votre collection ou celle de votre enfant. Chaque girafe est soigneusement crochet\u00e9e \u00e0 la main avec des mat\u00e9riaux de haute qualit\u00e9, garantissant un compagnon c\u00e2lin et durable.<\/p>\n<p><strong>Caract\u00e9ristiques :<\/strong><\/p>\n<ul>\n<li><strong>Fait main :<\/strong> Chaque peluche est unique, r\u00e9alis\u00e9e avec une grande attention aux d\u00e9tails.<\/li>\n<li><strong>Taille parfaite :<\/strong> Ni trop grande, ni trop petite, cette girafe est id\u00e9ale pour les c\u00e2lins ou pour d\u00e9corer une chambre.<\/li>\n<li><strong>Facile \u00e0 entretenir :<\/strong> Lavable \u00e0 la main pour une hygi\u00e8ne optimale.<\/li>\n<\/ul>\n<p><strong>Pourquoi l\u2019adopter ?<\/strong> Cette peluche girafe au crochet n\u2019est pas seulement un jouet, c\u2019est un compagnon de tous les jours qui apportera joie et r\u00e9confort \u00e0 ceux qui la c\u00e2lineront. Parfaite comme cadeau de naissance, pour un anniversaire, ou simplement pour faire plaisir, elle est un v\u00e9ritable tr\u00e9sor \u00e0 ajouter \u00e0 votre collection.<\/p>\n<p>Ne manquez pas l\u2019occasion de faire entrer cette mignonne girafe dans votre vie ou celle de vos proches !<\/p>\n","protected":false},"excerpt":{"rendered":"<p>Adoptez une Adorable Peluche Girafe au Crochet &#8211; Fait Main avec Amour ! D\u00e9couvrez notre magnifique peluche girafe au crochet, un v\u00e9ritable chef-d&rsquo;\u0153uvre artisanal qui apportera douceur et charme \u00e0 votre collection ou celle de votre enfant. Chaque girafe est soigneusement crochet\u00e9e \u00e0 la main avec des mat\u00e9riaux de haute qualit\u00e9, garantissant un compagnon c\u00e2lin [&hellip;]<\/p>\n","protected":false},"featured_media":565,"comment_status":"open","ping_status":"closed","template":"","meta":[],"product_brand":[],"product_cat":[18],"product_tag":[],"class_list":{"0":"post-563","1":"product","2":"type-product","3":"status-publish","4":"has-post-thumbnail","6":"product_cat-crochet","8":"entry","9":"has-media","11":"first","12":"instock","13":"shipping-taxable","14":"purchasable","15":"product-type-simple","16":"has-product-nav","17":"col","18":"span_1_of_3","19":"owp-content-center","20":"owp-thumbs-layout-horizontal","21":"owp-btn-normal","22":"owp-tabs-layout-horizontal"},"_links":{"self":[{"href":"https:\/\/magik-boutik.fr\/index.php\/wp-json\/wp\/v2\/product\/563","targetHints":{"allow":["GET"]}}],"collection":[{"href":"https:\/\/magik-boutik.fr\/index.php\/wp-json\/wp\/v2\/product"}],"about":[{"href":"https:\/\/magik-boutik.fr\/index.php\/wp-json\/wp\/v2\/types\/product"}],"replies":[{"embeddable":true,"href":"https:\/\/magik-boutik.fr\/index.php\/wp-json\/wp\/v2\/comments?post=563"}],"wp:featuredmedia":[{"embeddable":true,"href":"https:\/\/magik-boutik.fr\/index.php\/wp-json\/wp\/v2\/media\/565"}],"wp:attachment":[{"href":"https:\/\/magik-boutik.fr\/index.php\/wp-json\/wp\/v2\/media?parent=563"}],"wp:term":[{"taxonomy":"product_brand","embeddable":true,"href":"https:\/\/magik-boutik.fr\/index.php\/wp-json\/wp\/v2\/product_brand?post=563"},{"taxonomy":"product_cat","embeddable":true,"href":"https:\/\/magik-boutik.fr\/index.php\/wp-json\/wp\/v2\/product_cat?post=563"},{"taxonomy":"product_tag","embeddable":true,"href":"https:\/\/magik-boutik.fr\/index.php\/wp-json\/wp\/v2\/product_tag?post=563"}],"curies":[{"name":"wp","href":"https:\/\/api.w.org\/{rel}","templated":true}]}}