{"id":597,"date":"2024-10-13T22:50:51","date_gmt":"2024-10-13T20:50:51","guid":{"rendered":"https:\/\/magik-boutik.fr\/?post_type=product&#038;p=597"},"modified":"2024-12-17T20:44:16","modified_gmt":"2024-12-17T19:44:16","slug":"painting-diamant-personnalise-50x60cm","status":"publish","type":"product","link":"https:\/\/magik-boutik.fr\/index.php\/product\/painting-diamant-personnalise-50x60cm\/","title":{"rendered":"Painting diamant personnalis\u00e9 50x60cm"},"content":{"rendered":"<p><strong>Cr\u00e9ez votre \u0153uvre d&rsquo;art personnalis\u00e9e avec le Painting Diamant !<\/strong><\/p>\n<p>Transformez vos photos ou souvenirs pr\u00e9f\u00e9r\u00e9s en une \u0153uvre \u00e9tincelante et unique gr\u00e2ce au <strong>Painting Diamant personnalis\u00e9<\/strong>.<\/p>\n<p><span style=\"color: #ff0000;\"><strong>Vos photos seront soigneusement retouch\u00e9es afin d&rsquo;\u00eatre parfaitement adapt\u00e9es au format et au style de votre peinture diamant personnalis\u00e9e. Chaque d\u00e9tail est optimis\u00e9 pour garantir un rendu unique et de qualit\u00e9.<\/strong><\/span><\/p>\n<h3>Contenu du kit :<\/h3>\n<ul>\n<li>Une toile personnalis\u00e9e avec votre photo imprim\u00e9e<\/li>\n<li>Des diamants en r\u00e9sine de qualit\u00e9 sup\u00e9rieure<\/li>\n<li>Un stylo applicateur de diamants<\/li>\n<li>Un plateau pour trier les diamants<\/li>\n<\/ul>\n<h3>Comment \u00e7a fonctionne ?<\/h3>\n<h3><strong>Choisissez votre photo<\/strong> : S\u00e9lectionnez une photo haute qualit\u00e9 pour obtenir un rendu optimal.<\/h3>\n<h3><\/h3>\n<p><strong>\u00a0<\/strong><\/p>\n","protected":false},"excerpt":{"rendered":"<p>Cr\u00e9ez votre \u0153uvre d&rsquo;art personnalis\u00e9e avec le Painting Diamant ! Transformez vos photos ou souvenirs pr\u00e9f\u00e9r\u00e9s en une \u0153uvre \u00e9tincelante et unique gr\u00e2ce au Painting Diamant personnalis\u00e9. Vos photos seront soigneusement retouch\u00e9es afin d&rsquo;\u00eatre parfaitement adapt\u00e9es au format et au style de votre peinture diamant personnalis\u00e9e. Chaque d\u00e9tail est optimis\u00e9 pour garantir un rendu unique [&hellip;]<\/p>\n","protected":false},"featured_media":595,"comment_status":"open","ping_status":"closed","template":"","meta":[],"product_brand":[],"product_cat":[28],"product_tag":[],"class_list":{"0":"post-597","1":"product","2":"type-product","3":"status-publish","4":"has-post-thumbnail","6":"product_cat-painting-diamant","8":"entry","9":"has-media","11":"first","12":"instock","13":"shipping-taxable","14":"purchasable","15":"product-type-simple","16":"has-product-nav","17":"col","18":"span_1_of_3","19":"owp-content-center","20":"owp-thumbs-layout-horizontal","21":"owp-btn-normal","22":"owp-tabs-layout-horizontal"},"_links":{"self":[{"href":"https:\/\/magik-boutik.fr\/index.php\/wp-json\/wp\/v2\/product\/597","targetHints":{"allow":["GET"]}}],"collection":[{"href":"https:\/\/magik-boutik.fr\/index.php\/wp-json\/wp\/v2\/product"}],"about":[{"href":"https:\/\/magik-boutik.fr\/index.php\/wp-json\/wp\/v2\/types\/product"}],"replies":[{"embeddable":true,"href":"https:\/\/magik-boutik.fr\/index.php\/wp-json\/wp\/v2\/comments?post=597"}],"wp:featuredmedia":[{"embeddable":true,"href":"https:\/\/magik-boutik.fr\/index.php\/wp-json\/wp\/v2\/media\/595"}],"wp:attachment":[{"href":"https:\/\/magik-boutik.fr\/index.php\/wp-json\/wp\/v2\/media?parent=597"}],"wp:term":[{"taxonomy":"product_brand","embeddable":true,"href":"https:\/\/magik-boutik.fr\/index.php\/wp-json\/wp\/v2\/product_brand?post=597"},{"taxonomy":"product_cat","embeddable":true,"href":"https:\/\/magik-boutik.fr\/index.php\/wp-json\/wp\/v2\/product_cat?post=597"},{"taxonomy":"product_tag","embeddable":true,"href":"https:\/\/magik-boutik.fr\/index.php\/wp-json\/wp\/v2\/product_tag?post=597"}],"curies":[{"name":"wp","href":"https:\/\/api.w.org\/{rel}","templated":true}]}}