{"id":61,"date":"2024-05-11T22:40:46","date_gmt":"2024-05-11T20:40:46","guid":{"rendered":"https:\/\/magik-boutik.fr\/?post_type=product&#038;p=61"},"modified":"2024-05-11T22:40:47","modified_gmt":"2024-05-11T20:40:47","slug":"doudou-hippocampe","status":"publish","type":"product","link":"https:\/\/magik-boutik.fr\/index.php\/product\/doudou-hippocampe\/","title":{"rendered":"Doudou hippocampe"},"content":{"rendered":"<h2>Doudou Peluche Hippocampe Fait au Crochet<\/h2>\n<p>Offrez \u00e0 votre enfant un compagnon doux et adorable avec ce doudou peluche hippocampe fait au crochet. Fabriqu\u00e9 \u00e0 la main avec amour, ce doudou est le cadeau parfait pour les tout-petits.<\/p>\n<p>Le doudou peluche hippocampe est con\u00e7u avec des mat\u00e9riaux de haute qualit\u00e9, garantissant sa durabilit\u00e9 et sa s\u00e9curit\u00e9. Sa texture douce et moelleuse offre un r\u00e9confort apaisant pour votre enfant, lui permettant de se sentir en s\u00e9curit\u00e9 et aim\u00e9.<\/p>\n<p>Avec ses couleurs vives et ses d\u00e9tails soign\u00e9s, ce doudou peluche hippocampe stimule l&rsquo;imagination de votre enfant et encourage le jeu cr\u00e9atif. Il deviendra rapidement le compagnon pr\u00e9f\u00e9r\u00e9 de votre tout-petit, l&rsquo;accompagnant dans toutes ses aventures.<\/p>\n<p>Le doudou peluche hippocampe est \u00e9galement facile \u00e0 entretenir. Il peut \u00eatre lav\u00e9 \u00e0 la main ou en machine, ce qui permet de le garder propre et frais pour une utilisation prolong\u00e9e.<\/p>\n<p>Que ce soit pour offrir en cadeau ou pour votre propre enfant, ce doudou peluche hippocampe fait au crochet est un choix s\u00fbr. Son design unique et sa qualit\u00e9 exceptionnelle en font un choix parfait pour tous les petits amoureux des animaux marins.<\/p>\n","protected":false},"excerpt":{"rendered":"<p>Doudou Peluche Hippocampe Fait au Crochet Offrez \u00e0 votre enfant un compagnon doux et adorable avec ce doudou peluche hippocampe fait au crochet. Fabriqu\u00e9 \u00e0 la main avec amour, ce doudou est le cadeau parfait pour les tout-petits. Le doudou peluche hippocampe est con\u00e7u avec des mat\u00e9riaux de haute qualit\u00e9, garantissant sa durabilit\u00e9 et sa [&hellip;]<\/p>\n","protected":false},"featured_media":64,"comment_status":"open","ping_status":"closed","template":"","meta":[],"product_brand":[],"product_cat":[18],"product_tag":[],"class_list":{"0":"post-61","1":"product","2":"type-product","3":"status-publish","4":"has-post-thumbnail","6":"product_cat-crochet","8":"entry","9":"has-media","11":"first","12":"instock","13":"shipping-taxable","14":"purchasable","15":"product-type-simple","16":"has-product-nav","17":"col","18":"span_1_of_3","19":"owp-content-center","20":"owp-thumbs-layout-horizontal","21":"owp-btn-normal","22":"owp-tabs-layout-horizontal"},"_links":{"self":[{"href":"https:\/\/magik-boutik.fr\/index.php\/wp-json\/wp\/v2\/product\/61","targetHints":{"allow":["GET"]}}],"collection":[{"href":"https:\/\/magik-boutik.fr\/index.php\/wp-json\/wp\/v2\/product"}],"about":[{"href":"https:\/\/magik-boutik.fr\/index.php\/wp-json\/wp\/v2\/types\/product"}],"replies":[{"embeddable":true,"href":"https:\/\/magik-boutik.fr\/index.php\/wp-json\/wp\/v2\/comments?post=61"}],"wp:featuredmedia":[{"embeddable":true,"href":"https:\/\/magik-boutik.fr\/index.php\/wp-json\/wp\/v2\/media\/64"}],"wp:attachment":[{"href":"https:\/\/magik-boutik.fr\/index.php\/wp-json\/wp\/v2\/media?parent=61"}],"wp:term":[{"taxonomy":"product_brand","embeddable":true,"href":"https:\/\/magik-boutik.fr\/index.php\/wp-json\/wp\/v2\/product_brand?post=61"},{"taxonomy":"product_cat","embeddable":true,"href":"https:\/\/magik-boutik.fr\/index.php\/wp-json\/wp\/v2\/product_cat?post=61"},{"taxonomy":"product_tag","embeddable":true,"href":"https:\/\/magik-boutik.fr\/index.php\/wp-json\/wp\/v2\/product_tag?post=61"}],"curies":[{"name":"wp","href":"https:\/\/api.w.org\/{rel}","templated":true}]}}