{"id":613,"date":"2024-11-17T21:59:05","date_gmt":"2024-11-17T20:59:05","guid":{"rendered":"https:\/\/magik-boutik.fr\/?post_type=product&#038;p=613"},"modified":"2026-02-15T16:35:16","modified_gmt":"2026-02-15T15:35:16","slug":"https-magik-boutik-fr-oracle-du-loup","status":"publish","type":"product","link":"https:\/\/magik-boutik.fr\/index.php\/product\/https-magik-boutik-fr-oracle-du-loup\/","title":{"rendered":"Oracle des Loups \u2013 Cartes m\u00e9talliques divinatoires mystiques et guidance spirituelle"},"content":{"rendered":"<div class=\"a-expander-content a-expander-partial-collapse-content\" data-expanded=\"false\">\n<h3><img loading=\"lazy\" decoding=\"async\" class=\"alignnone size-medium wp-image-621\" src=\"https:\/\/magik-boutik.fr\/wp-content\/uploads\/2024\/11\/annonde-loup2-300x278.png\" alt=\"\" width=\"300\" height=\"278\" srcset=\"https:\/\/magik-boutik.fr\/wp-content\/uploads\/2024\/11\/annonde-loup2-300x278.png 300w, https:\/\/magik-boutik.fr\/wp-content\/uploads\/2024\/11\/annonde-loup2-1024x949.png 1024w, https:\/\/magik-boutik.fr\/wp-content\/uploads\/2024\/11\/annonde-loup2-768x712.png 768w, https:\/\/magik-boutik.fr\/wp-content\/uploads\/2024\/11\/annonde-loup2-600x556.png 600w, https:\/\/magik-boutik.fr\/wp-content\/uploads\/2024\/11\/annonde-loup2.png 1282w\" sizes=\"auto, (max-width: 300px) 100vw, 300px\" \/>Description produit : L&rsquo;<strong>Oracle des Loups &#8211; \u00c9dition Collector<\/strong> \ud83d\udc3a\u2728<img loading=\"lazy\" decoding=\"async\" class=\"alignnone size-medium wp-image-614\" src=\"https:\/\/magik-boutik.fr\/wp-content\/uploads\/2024\/11\/annonce-loup-5-225x300.png\" alt=\"\" width=\"225\" height=\"300\" srcset=\"https:\/\/magik-boutik.fr\/wp-content\/uploads\/2024\/11\/annonce-loup-5-225x300.png 225w, https:\/\/magik-boutik.fr\/wp-content\/uploads\/2024\/11\/annonce-loup-5-768x1024.png 768w, https:\/\/magik-boutik.fr\/wp-content\/uploads\/2024\/11\/annonce-loup-5-1152x1536.png 1152w, https:\/\/magik-boutik.fr\/wp-content\/uploads\/2024\/11\/annonce-loup-5-600x800.png 600w, https:\/\/magik-boutik.fr\/wp-content\/uploads\/2024\/11\/annonce-loup-5.png 1500w\" sizes=\"auto, (max-width: 225px) 100vw, 225px\" \/><\/h3>\n<p class=\"\" data-start=\"0\" data-end=\"305\">L&rsquo;<strong data-start=\"3\" data-end=\"45\"> Oracle des Loups &#8211; \u00c9dition Collector<\/strong> est un chef-d&rsquo;\u0153uvre destin\u00e9 aux amoureux de la sagesse et de la spiritualit\u00e9 des loups. Cette version exclusive se distingue par ses cartes en <strong data-start=\"187\" data-end=\"200\">aluminium<\/strong> au toucher raffin\u00e9 et au rendu \u00e9clatant, sublimant chaque illustration avec une \u00e9l\u00e9gance incomparable.<\/p>\n<p class=\"\" data-start=\"307\" data-end=\"623\">Chaque carte, impr\u00e9gn\u00e9e de symbolisme et de puissance mystique, vous guide sur le chemin de l\u2019intuition et de la connaissance int\u00e9rieure. Son coffret luxueux en fait un objet de collection rare, id\u00e9al pour les passionn\u00e9s d\u2019oracles et les collectionneurs en qu\u00eate d\u2019une exp\u00e9rience divinatoire unique et immersive. \ud83d\udc3a\u2728<\/p>\n<p>\ud83c\udf1f <strong>Ce coffret prestigieux inclut :<\/strong><\/p>\n<ul>\n<li><strong>Une bo\u00eete en bois de 23x15x5 cm<\/strong> : Fabriqu\u00e9e avec soin, orn\u00e9e de gravures \u00e9l\u00e9gantes, pour ranger et prot\u00e9ger votre oracle.<\/li>\n<li><strong>Un jeu d&rsquo;oracle de 9&#215;6 cm<\/strong> : Cartes en aluminium durable et lumineuses, sublim\u00e9es par des illustrations mystiques, parfaites pour vos tirages.<\/li>\n<li><strong>Un livret explicatif<\/strong> : D\u00e9couvrez la signification de chaque carte et laissez-vous guider dans votre voyage spirituel.<\/li>\n<li><strong>Un bracelet loup<\/strong> : Symbole de force et de loyaut\u00e9, \u00e0 porter comme un talisman protecteur.<\/li>\n<li><strong>Un m\u00e9daillon loup<\/strong> : Un bijou unique pour rester connect\u00e9 \u00e0 l&rsquo;esprit sauvage et \u00e0 votre intuition.<\/li>\n<\/ul>\n<p>\u2728 Cet oracle vous invite \u00e0 explorer les myst\u00e8res de l&rsquo;intuition, de la sagesse int\u00e9rieure et du d\u00e9veloppement personnel, tout en honorant la majest\u00e9 du loup.<\/p>\n<p>\ud83c\udf81 <strong>Un cadeau parfait ou une pi\u00e8ce de collection<\/strong> : Avec sa qualit\u00e9 exceptionnelle et ses accessoires, ce coffret est une v\u00e9ritable \u0153uvre d\u2019art spirituelle.<\/p>\n<p><img loading=\"lazy\" decoding=\"async\" class=\"alignnone size-medium wp-image-620\" src=\"https:\/\/magik-boutik.fr\/wp-content\/uploads\/2024\/11\/annonde-loup1-284x300.png\" alt=\"\" width=\"284\" height=\"300\" srcset=\"https:\/\/magik-boutik.fr\/wp-content\/uploads\/2024\/11\/annonde-loup1-284x300.png 284w, https:\/\/magik-boutik.fr\/wp-content\/uploads\/2024\/11\/annonde-loup1-969x1024.png 969w, https:\/\/magik-boutik.fr\/wp-content\/uploads\/2024\/11\/annonde-loup1-768x812.png 768w, https:\/\/magik-boutik.fr\/wp-content\/uploads\/2024\/11\/annonde-loup1-600x634.png 600w, https:\/\/magik-boutik.fr\/wp-content\/uploads\/2024\/11\/annonde-loup1.png 1260w\" sizes=\"auto, (max-width: 284px) 100vw, 284px\" \/><\/p>\n<p>&nbsp;<\/p>\n<\/div>\n","protected":false},"excerpt":{"rendered":"<p>L\u2019Oracle des Loups vous accompagne dans votre transformation personnelle. Chaque carte mystique, con\u00e7ue par Magik Boutik, apporte guidance, sagesse et inspiration. \ud83d\udc3a\ud83c\udf19<\/p>\n","protected":false},"featured_media":620,"comment_status":"open","ping_status":"closed","template":"","meta":[],"product_brand":[31],"product_cat":[30],"product_tag":[],"class_list":{"0":"post-613","1":"product","2":"type-product","3":"status-publish","4":"has-post-thumbnail","6":"product_brand-magik-boutik","7":"product_cat-oracle","8":"product_shipping_class-oracle","10":"entry","11":"has-media","13":"first","14":"instock","15":"sale","16":"shipping-taxable","17":"purchasable","18":"product-type-simple","19":"has-rating","20":"has-product-nav","21":"col","22":"span_1_of_3","23":"owp-content-center","24":"owp-thumbs-layout-horizontal","25":"owp-btn-normal","26":"owp-tabs-layout-horizontal"},"_links":{"self":[{"href":"https:\/\/magik-boutik.fr\/index.php\/wp-json\/wp\/v2\/product\/613","targetHints":{"allow":["GET"]}}],"collection":[{"href":"https:\/\/magik-boutik.fr\/index.php\/wp-json\/wp\/v2\/product"}],"about":[{"href":"https:\/\/magik-boutik.fr\/index.php\/wp-json\/wp\/v2\/types\/product"}],"replies":[{"embeddable":true,"href":"https:\/\/magik-boutik.fr\/index.php\/wp-json\/wp\/v2\/comments?post=613"}],"wp:featuredmedia":[{"embeddable":true,"href":"https:\/\/magik-boutik.fr\/index.php\/wp-json\/wp\/v2\/media\/620"}],"wp:attachment":[{"href":"https:\/\/magik-boutik.fr\/index.php\/wp-json\/wp\/v2\/media?parent=613"}],"wp:term":[{"taxonomy":"product_brand","embeddable":true,"href":"https:\/\/magik-boutik.fr\/index.php\/wp-json\/wp\/v2\/product_brand?post=613"},{"taxonomy":"product_cat","embeddable":true,"href":"https:\/\/magik-boutik.fr\/index.php\/wp-json\/wp\/v2\/product_cat?post=613"},{"taxonomy":"product_tag","embeddable":true,"href":"https:\/\/magik-boutik.fr\/index.php\/wp-json\/wp\/v2\/product_tag?post=613"}],"curies":[{"name":"wp","href":"https:\/\/api.w.org\/{rel}","templated":true}]}}